{"id":38,"date":"2025-01-03T09:10:07","date_gmt":"2025-01-03T09:10:07","guid":{"rendered":"http:\/\/abf-systems.dk\/?page_id=38"},"modified":"2026-03-02T15:47:32","modified_gmt":"2026-03-02T14:47:32","slug":"services","status":"publish","type":"page","link":"http:\/\/www.rsolsen.dk\/?page_id=38","title":{"rendered":"Services"},"content":{"rendered":"\n<p>Hvad ABF-Systems kan tilbyde:<\/p>\n\n\n\n<ul class=\"wp-block-list\">\n<li>Expertise i Port \/ Rampe \/ Sluse styringere:<br>Aperto, Dalmatic, Feig, GFA, Lindab, Loading Systems, Marantec, Nice, Sommer<br><\/li>\n\n\n\n<li>Programmering af mini PLC styringer:<br>Selvst\u00e6ndig enheder, Modificering \/ forbedring af funktioner p\u00e5 f.eks portstyringer.<br><\/li>\n\n\n\n<li>Internet:<br>IP netv\u00e6rk, IP telefoni, Tr\u00e5dl\u00f8se netv\u00e6rk Wi-Fi, Routere, Switche, Direktionelle antenner, Web kameraer, Nummerpladescannere, Netv\u00e6rkstilslutning og montage.<br><\/li>\n\n\n\n<li>Emfang \/ Ventilation:<br>Produktion af triac styring til emfang med ekstern motor<br>0-10 volt styringer til emfang med ekstern motor<br><\/li>\n\n\n\n<li>Projektarbejde, Idefaser<br><\/li>\n\n\n\n<li>Alternative ydelser:<br>Sp\u00f8rg om alle emner og f\u00e5 tilbud.<\/li>\n<\/ul>\n\n\n\n<p><\/p>\n\n\n\n<p><\/p>\n\n\n\n<p><\/p>\n\n\n\n<p><\/p>\n\n\n\n<p><br><\/p>\n\n\n\n<p><\/p>\n","protected":false},"excerpt":{"rendered":"<p>Hvad ABF-Systems kan tilbyde:<\/p>\n","protected":false},"author":1,"featured_media":0,"parent":0,"menu_order":0,"comment_status":"closed","ping_status":"closed","template":"","meta":{"footnotes":""},"class_list":["post-38","page","type-page","status-publish","hentry"],"_links":{"self":[{"href":"http:\/\/www.rsolsen.dk\/index.php?rest_route=\/wp\/v2\/pages\/38","targetHints":{"allow":["GET"]}}],"collection":[{"href":"http:\/\/www.rsolsen.dk\/index.php?rest_route=\/wp\/v2\/pages"}],"about":[{"href":"http:\/\/www.rsolsen.dk\/index.php?rest_route=\/wp\/v2\/types\/page"}],"author":[{"embeddable":true,"href":"http:\/\/www.rsolsen.dk\/index.php?rest_route=\/wp\/v2\/users\/1"}],"replies":[{"embeddable":true,"href":"http:\/\/www.rsolsen.dk\/index.php?rest_route=%2Fwp%2Fv2%2Fcomments&post=38"}],"version-history":[{"count":10,"href":"http:\/\/www.rsolsen.dk\/index.php?rest_route=\/wp\/v2\/pages\/38\/revisions"}],"predecessor-version":[{"id":160,"href":"http:\/\/www.rsolsen.dk\/index.php?rest_route=\/wp\/v2\/pages\/38\/revisions\/160"}],"wp:attachment":[{"href":"http:\/\/www.rsolsen.dk\/index.php?rest_route=%2Fwp%2Fv2%2Fmedia&parent=38"}],"curies":[{"name":"wp","href":"https:\/\/api.w.org\/{rel}","templated":true}]}}