{"id":13,"date":"2025-01-02T11:38:00","date_gmt":"2025-01-02T11:38:00","guid":{"rendered":"http:\/\/abf-systems.dk\/?page_id=13"},"modified":"2026-03-02T15:44:41","modified_gmt":"2026-03-02T14:44:41","slug":"om-abf-systems","status":"publish","type":"page","link":"http:\/\/www.rsolsen.dk\/?page_id=13","title":{"rendered":"Om ABF-Systems"},"content":{"rendered":"\n<p>Firmaet er startet i Odense i  1986.<\/p>\n\n\n\n<p><strong>Prim\u00e6re arbejdsopgaver kan v\u00e6re:<\/strong><\/p>\n\n\n\n<ul class=\"wp-block-list\">\n<li>Opgradering af computere f.eks. implementering af dansk karakterset p\u00e5 grafikkort.<\/li>\n\n\n\n<li>Reperation og servicering af computere.<\/li>\n\n\n\n<li>Produktion og installation af temperaturstyret CPU bl\u00e6ser hastighed.<\/li>\n\n\n\n<li>Fremstilling af Sk\u00e6rmstyringer &#8211; en PC vises f.eks. p\u00e5 16 sk\u00e6rme samtidig eller &#8220;efter tur&#8221;<\/li>\n<\/ul>\n\n\n\n<p><strong>Flyttet til sydfyn 1992.<\/strong><\/p>\n\n\n\n<p><\/p>\n\n\n\n<ul class=\"wp-block-list\">\n<li>Udvikling og salg af TC400 &#8211; 3 trins triac styring til emfang ved brug af ekstern motor.<\/li>\n\n\n\n<li>Udvikling og salg af TC400 &#8211; 4 trins triac styring til emfang ved brug af ekstern motor<\/li>\n\n\n\n<li>Udvikling og salg af TC400 &#8211; 4 trins 0-10 volt DC styret triac styring til emfang ved brug af ekstern motor<\/li>\n\n\n\n<li>Ops\u00e6tning (installation af netv\u00e6rk og wifi)<\/li>\n\n\n\n<li>Opbygning af \u00d8ster Skerninge Net. <\/li>\n\n\n\n<li>Support p\u00e5 \u00d8ster Skerninge Net (OESN)<\/li>\n\n\n\n<li>Programmering af mini PCL&#8217;er <\/li>\n<\/ul>\n","protected":false},"excerpt":{"rendered":"<p>Firmaet er startet i Odense i 1986. Prim\u00e6re arbejdsopgaver kan v\u00e6re: Flyttet til sydfyn 1992.<\/p>\n","protected":false},"author":2,"featured_media":0,"parent":0,"menu_order":0,"comment_status":"closed","ping_status":"closed","template":"","meta":{"footnotes":""},"class_list":["post-13","page","type-page","status-publish","hentry"],"_links":{"self":[{"href":"http:\/\/www.rsolsen.dk\/index.php?rest_route=\/wp\/v2\/pages\/13","targetHints":{"allow":["GET"]}}],"collection":[{"href":"http:\/\/www.rsolsen.dk\/index.php?rest_route=\/wp\/v2\/pages"}],"about":[{"href":"http:\/\/www.rsolsen.dk\/index.php?rest_route=\/wp\/v2\/types\/page"}],"author":[{"embeddable":true,"href":"http:\/\/www.rsolsen.dk\/index.php?rest_route=\/wp\/v2\/users\/2"}],"replies":[{"embeddable":true,"href":"http:\/\/www.rsolsen.dk\/index.php?rest_route=%2Fwp%2Fv2%2Fcomments&post=13"}],"version-history":[{"count":8,"href":"http:\/\/www.rsolsen.dk\/index.php?rest_route=\/wp\/v2\/pages\/13\/revisions"}],"predecessor-version":[{"id":158,"href":"http:\/\/www.rsolsen.dk\/index.php?rest_route=\/wp\/v2\/pages\/13\/revisions\/158"}],"wp:attachment":[{"href":"http:\/\/www.rsolsen.dk\/index.php?rest_route=%2Fwp%2Fv2%2Fmedia&parent=13"}],"curies":[{"name":"wp","href":"https:\/\/api.w.org\/{rel}","templated":true}]}}